{"id":1865,"date":"2011-11-09T09:20:51","date_gmt":"2011-11-09T08:20:51","guid":{"rendered":"http:\/\/contratacion.zeus.umh.es\/presentacion\/"},"modified":"2024-10-10T12:16:03","modified_gmt":"2024-10-10T10:16:03","slug":"presentacion","status":"publish","type":"page","link":"https:\/\/contratacion.umh.es\/ca\/presentacion\/","title":{"rendered":"Presentaci\u00f3n"},"content":{"rendered":"<p><img loading=\"lazy\" class=\"alignleft size-full wp-image-1868\" title=\"rectorado-300x1991\" src=\"https:\/\/contratacion.umh.es\/files\/2011\/11\/rectorado-300x1991.jpg\" alt=\"\" width=\"300\" height=\"199\" \/><\/p>\n<p>El <strong>Servei de Contractaci\u00f3<\/strong> t\u00e9 com a missi\u00f3 principal la gesti\u00f3 de la contractaci\u00f3 administrativa general de la Universitat. Li correspon realitzar les activitats precises (de gesti\u00f3 i assessorament) per a la contractaci\u00f3 de les obres, subministraments i tot tipus de serveis necessaris per a la satisfacci\u00f3 de les necessitats la Universitat en mat\u00e8ria de doc\u00e8ncia, investigaci\u00f3 i activitats complement\u00e0ries i que, per raons legals, es troben sotmeses a la tramitaci\u00f3 d&#8217;expedient administratiu.<\/p>\n<p>Els <strong>serveis que s&#8217;ofereixen<\/strong> s\u00f3n els seg\u00fcents:<\/p>\n<ul>\n<li>L&#8217;assessorament previ a l&#8217;inici de l&#8217;expedient administratiu de contractaci\u00f3 dels qui estiguen interessats en la realitzaci\u00f3 d&#8217;algun tipus de contracte, en relaci\u00f3 amb el procediment que s&#8217;ha de seguir i la documentaci\u00f3 que s&#8217;ha d&#8217;aportar en funci\u00f3 del tipus de contracte de qu\u00e8 es tracte.<\/li>\n<li>La tramitaci\u00f3, una vegada sol\u00b7licitada, dels expedients administratius d\u2019obres, concessi\u00f3 d&#8217;obres p\u00fabliques, gesti\u00f3 de servei p\u00fablic, subministraments, serveis, col\u00b7laboraci\u00f3 sector p\u00fablic i privat, i tamb\u00e9 especials i privats.<\/li>\n<li>L&#8217;emissi\u00f3 i tramitaci\u00f3 de tots els documents comptables que de cada un dels tr\u00e0mits de l&#8217;expedient es deriven.<\/li>\n<li>Recolzar la mesa de contractaci\u00f3 en les seues sessions per mitj\u00e0 de la preparaci\u00f3 de la documentaci\u00f3 relacionada amb les sessions i la intervenci\u00f3 del seu personal, als qui correspon la Secretaria.<\/li>\n<li>Tramitaci\u00f3 de totes les incid\u00e8ncies que puguen sorgir durant la vida dels contractes, com ara modificacions, resolucions, pr\u00f2rrogues, devolucions de garantia, etc.<\/li>\n<\/ul>\n<p><\/p>","protected":false},"excerpt":{"rendered":"<p>El Servei de Contractaci\u00f3 t\u00e9 com a missi\u00f3 principal la gesti\u00f3 de la contractaci\u00f3 administrativa general de la Universitat. Li correspon realitzar les activitats precises (de gesti\u00f3 i assessorament) per a la contractaci\u00f3 de les obres, subministraments i tot tipus de serveis necessaris per a la satisfacci\u00f3 de les necessitats la Universitat en mat\u00e8ria de [&#8230;]<\/p>\n","protected":false},"author":1,"featured_media":0,"parent":0,"menu_order":0,"comment_status":"closed","ping_status":"closed","template":"","meta":{"_links_to":"","_links_to_target":""},"_links":{"self":[{"href":"https:\/\/contratacion.umh.es\/ca\/wp-json\/wp\/v2\/pages\/1865"}],"collection":[{"href":"https:\/\/contratacion.umh.es\/ca\/wp-json\/wp\/v2\/pages"}],"about":[{"href":"https:\/\/contratacion.umh.es\/ca\/wp-json\/wp\/v2\/types\/page"}],"author":[{"embeddable":true,"href":"https:\/\/contratacion.umh.es\/ca\/wp-json\/wp\/v2\/users\/1"}],"replies":[{"embeddable":true,"href":"https:\/\/contratacion.umh.es\/ca\/wp-json\/wp\/v2\/comments?post=1865"}],"version-history":[{"count":0,"href":"https:\/\/contratacion.umh.es\/ca\/wp-json\/wp\/v2\/pages\/1865\/revisions"}],"wp:attachment":[{"href":"https:\/\/contratacion.umh.es\/ca\/wp-json\/wp\/v2\/media?parent=1865"}],"curies":[{"name":"wp","href":"https:\/\/api.w.org\/{rel}","templated":true}]}}