{"id":4,"date":"2008-05-06T18:12:10","date_gmt":"2008-05-06T16:12:10","guid":{"rendered":"http:\/\/contratacion.zeus.umh.es\/\/acerca-de\/"},"modified":"2025-11-18T09:37:45","modified_gmt":"2025-11-18T08:37:45","slug":"acerca-de","status":"publish","type":"page","link":"https:\/\/contratacion.umh.es\/ca\/presentacion\/acerca-de\/","title":{"rendered":"Contacto"},"content":{"rendered":"<p><strong><br \/>\nDirecci\u00f3n postal, telef\u00f3nica y telem\u00e1tica:<\/strong><\/p>\n<p>UNIVERSIDAD MIGUEL HERNANDEZ DE ELCHE<\/p>\n<p>Servicio de Contrataci\u00f3n.<\/p>\n<p>Direcci\u00f3n postal: Avenida de la Universidad s\/n<br \/>\nTel\u00e9fonos Contrataci\u00f3n: 96-6658741 \/\/ 8653 \/\/ 8819 \/\/ 965222478<\/p>\n<p><strong>Fax<\/strong>:96-522-21-27<\/p>\n<p>P\u00e1gina Web: <span style=\"text-decoration: underline\">http\/\/www.umh.es\/contratacion<\/span><\/p>\n<h3>Responsable del Servicio<\/h3>\n<p>S\u00e1nchez Ortega, Asunci\u00f3n<\/p>\n<p><a href=\"mailto:contratacion@umh.es\"><span style=\"font-family: Arial\">contratacion@umh.es<\/span><br \/>\n<\/a><a href=\"mailto:asuncion.sanchez@umh.es\"><span style=\"font-family: Arial\">asuncion.sanchez@umh.es<\/span><\/a><\/p>\n<h3>Contrataci\u00f3n<\/h3>\n<p>Mayoral Mu\u00f1oz, M\u00aa Dolores<br \/>\nTlf.: 966658741<br \/>\n<a href=\"mailto:m.mayoral@umh.es\">m.mayoral@umh.es<\/a><\/p>\n<p>Caturla Valiente, Luis Fernando<br \/>\nTlf.: 966658653<br \/>\n<a href=\"mailto:luiscaturla@umh.es\">luiscaturla@umh.es<\/a><\/p>\n<p>Gonz\u00e1lez Penedo, Victoria<br \/>\nTlf.: 966658819<br \/>\n<a href=\"mailto:victoria.gonzalez@umh.es\">victoria.gonzalez@umh.es<\/a><\/p>\n<p>Poveda Castillejo, Dolores<br \/>\nTlf.: 965222478<br \/>\n<a href=\"mailto:dpoveda@umh.es\">dpoveda@umh.es<\/a><\/p>\n<p>Servicio de Contrataci\u00f3n<\/p>\n<p>Edificio Rectorado-Consejo Social<\/p>\n<p>Avda de la Universidad s\/n<\/p>\n<p>03202 Elche<br \/>\n<a href=\"https:\/\/contratacion.umh.es\/servicios\/acerca-de\/plano-umh\/\" rel=\"attachment wp-att-914\">Ver plano de situacion<\/a><\/p>\n<h3><\/h3>\n<p><code><!--contact form--><\/code><\/p>","protected":false},"excerpt":{"rendered":"<p>Direcci\u00f3n postal, telef\u00f3nica y telem\u00e1tica:<br \/>\nUNIVERSIDAD MIGUEL HERNANDEZ DE ELCHE<br \/>\nServicio de Contrataci\u00f3n.<br \/>\nDirecci\u00f3n postal: Avenida de la Universidad s\/n<br \/>\nTel\u00e9fonos Contrataci\u00f3n: 96-6658741 \/\/ 8653 \/\/ 8819 \/\/ 965222478<br \/>\nFax:96-522-21-27<br \/>\nP\u00e1gina Web: http\/\/www.umh.es\/contratacion<br \/>\nResponsable del Servicio<br \/>\nS\u00e1nchez Ortega, Asunci\u00f3n<br \/>\ncontratacion@umh.es<br \/>\nasuncion.sanchez@umh.es<br \/>\nContrataci\u00f3n<br \/>\nMayoral Mu\u00f1oz, M\u00aa Dolores<br \/>\nTlf.: 966658741<br \/>\nm.mayoral@umh.es<br \/>\nCaturla Valiente, Luis Fernando<br \/>\nTlf.: 966658653<br \/>\nluiscaturla@umh.es<br \/>\nGonz\u00e1lez Penedo, Victoria<br \/>\nTlf.: 966658819<br \/>\nvictoria.gonzalez@umh.es<br \/>\nPoveda Castillejo, Dolores<br \/>\nTlf.: 965222478<br \/>\ndpoveda@umh.es<br \/>\nServicio de Contrataci\u00f3n<br \/>\nEdificio Rectorado-Consejo Social<br \/>\nAvda de la Universidad s\/n<br \/>\n03202 Elche<br \/>\nVer plano [&#8230;]<\/p>\n","protected":false},"author":1,"featured_media":0,"parent":1865,"menu_order":1,"comment_status":"closed","ping_status":"closed","template":"","meta":{"_links_to":"","_links_to_target":""},"_links":{"self":[{"href":"https:\/\/contratacion.umh.es\/ca\/wp-json\/wp\/v2\/pages\/4"}],"collection":[{"href":"https:\/\/contratacion.umh.es\/ca\/wp-json\/wp\/v2\/pages"}],"about":[{"href":"https:\/\/contratacion.umh.es\/ca\/wp-json\/wp\/v2\/types\/page"}],"author":[{"embeddable":true,"href":"https:\/\/contratacion.umh.es\/ca\/wp-json\/wp\/v2\/users\/1"}],"replies":[{"embeddable":true,"href":"https:\/\/contratacion.umh.es\/ca\/wp-json\/wp\/v2\/comments?post=4"}],"version-history":[{"count":0,"href":"https:\/\/contratacion.umh.es\/ca\/wp-json\/wp\/v2\/pages\/4\/revisions"}],"up":[{"embeddable":true,"href":"https:\/\/contratacion.umh.es\/ca\/wp-json\/wp\/v2\/pages\/1865"}],"wp:attachment":[{"href":"https:\/\/contratacion.umh.es\/ca\/wp-json\/wp\/v2\/media?parent=4"}],"curies":[{"name":"wp","href":"https:\/\/api.w.org\/{rel}","templated":true}]}}