{"id":3860,"date":"2015-01-30T13:22:37","date_gmt":"2015-01-30T12:22:37","guid":{"rendered":"http:\/\/contratacion.umh.es\/?page_id=3860"},"modified":"2026-01-22T11:59:38","modified_gmt":"2026-01-22T10:59:38","slug":"regimen-juridico-de-la-contratacion-del-sector-publico","status":"publish","type":"page","link":"https:\/\/contratacion.umh.es\/en\/regimen-juridico-de-la-contratacion-del-sector-publico\/","title":{"rendered":"Normativa"},"content":{"rendered":"<p><\/p>\n<h2 style=\"text-align: left\">R\u00c9GIMEN JUR\u00cdDICO DE LA CONTRATACI\u00d3N DEL SECTOR P\u00daBLICO<\/h2>\n<table style=\"height: 1831px\" width=\"720\">\n<tbody>\n<tr>\n<td style=\"text-align: left\" width=\"691\">Ley 39\/2015, de 1 de octubre, del Procedimiento Administrativo Com\u00fan de las Administraciones P\u00fablicas.<\/td>\n<\/tr>\n<tr>\n<td>Ley 40\/2015, de 1 de octubre, de R\u00e9gimen Jur\u00eddico del Sector P\u00fablico.<\/td>\n<\/tr>\n<tr>\n<td>Real Decreto 814\/2015, de 11 de septiembre, por el que se aprueba el Reglamento de los procedimientos especiales de revisi\u00f3n de decisiones en materia contractual y de organizaci\u00f3n del Tribunal Administrativo Central de Recursos Contractuales.<\/td>\n<\/tr>\n<tr>\n<td>Real Decreto 773\/2015, de 28 de agosto, por el que se modifican determinados preceptos del Reglamento General de la Ley de Contratos de las Administraciones P\u00fablicas, aprobado por Real Decreto 1098\/2001. de 12 de octubre.<\/td>\n<\/tr>\n<tr>\n<td>Ley 2\/2015, de 30 de marzo, de desindexaci\u00f3n de la econom\u00eda espa\u00f1ola.<\/td>\n<\/tr>\n<tr>\n<td>Ley 15\/2014, de 16 de septiembre, de racionalizaci\u00f3n del Sector P\u00fablico y otras medidas de reforma administrativa.<\/td>\n<\/tr>\n<tr>\n<td>Directiva 2014\/55\/UE del Parlamento Europeo y del Consejo, de 16 de abril de 2014, relativa a la facturaci\u00f3n electr\u00f3nica en la contrataci\u00f3n p\u00fablica.<\/td>\n<\/tr>\n<tr>\n<td>Directiva 2014\/23\/UE del Parlamento Europeo y del Consejo, de 26 de febrero de 2014, relativa a la adjudicaci\u00f3n de contratos de concesi\u00f3n.<\/td>\n<\/tr>\n<tr>\n<td>Directiva 2014\/24\/UE del Parlamento Europeo y del Consejo, de 26 de febrero de 2014, sobre contrataci\u00f3n p\u00fablica y por la que se deroga la Directiva 2004\/18\/CE.<\/td>\n<\/tr>\n<tr>\n<td>Directiva 2014\/25\/UE del Parlamento Europeo y del Consejo, de 26 de febrero de 2014, relativa a la contrataci\u00f3n por entidades que operan en los sectores del agua, la energ\u00eda, los transportes y los servicios postales y por la que se deroga la Directiva 2004\/17\/CE.<\/td>\n<\/tr>\n<tr>\n<td>Ley 25\/2013, de 28 de diciembre, de factura electr\u00f3nica y creaci\u00f3n del Registro Contable<\/td>\n<\/tr>\n<tr>\n<td>Ley 22\/2013, de 26 de diciembre, de presupuestos generales del Estado<\/td>\n<\/tr>\n<tr>\n<td>Orden HAP\/2425\/2013, de 23 de diciembre, por la que se publican los l\u00edmites de los distintos tipos de contratos a efectos de la contrataci\u00f3n del sector p\u00fablico a partir del 1 de enero de 2014.<\/td>\n<\/tr>\n<tr>\n<td>Reglamento UE 1336\/2013 de 13 de diciembre de 2013 por el que se modifican las Directivas 2004\/17\/CE, 2004\/18\/CE y 2009\/81\/CE del Parlamento Europeo y del Consejo en lo que concierne a los umbrales de aplicaci\u00f3n en materia de procedimientos de adjudicaci\u00f3n de contratos.<\/td>\n<\/tr>\n<tr>\n<td>Resoluci\u00f3n de 10 de diciembre de 2013, de la Presidencia del Tribunal de Cuentas, que publica el Acuerdo del Pleno de 28 de noviembre de 2013, sobre la instrucci\u00f3n general relativa a la remisi\u00f3n telem\u00e1tica al Tribunal de Cuentas de los extractos de los expedientes de contrataci\u00f3n y de las relaciones de contratos, convenios y encomiendas de gesti\u00f3n celebrados por las entidades del Sector P\u00fablico Estatal y Auton\u00f3mico.<\/td>\n<\/tr>\n<tr>\n<td>Ley 20\/2013, de 9 de diciembre, de garant\u00eda de la unidad de mercado.<\/td>\n<\/tr>\n<tr>\n<td>Ley 21\/2013, de 9 de diciembre, de evaluaci\u00f3n ambiental<\/td>\n<\/tr>\n<tr>\n<td>Ley 19\/2013, de 9 de diciembre, de transparencia, acceso a la informaci\u00f3n p\u00fablica y buen gobierno.<\/td>\n<\/tr>\n<tr>\n<td>Ley 14\/2013, de 27 de septiembre, de apoyo a los emprendedores y su internacionalizaci\u00f3n.<\/td>\n<\/tr>\n<tr>\n<td>Ley 11\/2013, de 26 de julio, de medidas de apoyo al emprendedor y de est\u00edmulo del crecimiento y de la creaci\u00f3n del empleo.<\/td>\n<\/tr>\n<tr>\n<td>Real decreto ley 8\/2013, de 28 de junio, publicado en el BOE del 29 de junio, de medidas contra la morosidad de las Administraciones p\u00fablicas y de apoyo a entidades locales con problemas financieros.<\/td>\n<\/tr>\n<tr>\n<td>Orden HAP\/1292\/2013, de 28 de junio, por la que se establecen las reglas de determinaci\u00f3n de los \u00edndices que intervienen en las f\u00f3rmulas de revisi\u00f3n de precios de los contratos p\u00fablicos.<\/td>\n<\/tr>\n<tr>\n<td>Real Decreto-ley 4\/2013, de 22 de febrero, de medidas de apoyo al emprendedor y de est\u00edmulo del crecimiento y de la creaci\u00f3n de empleo, que modifica el TRLCSP y la Ley 3\/2004, de 29 de diciembre, por la que se establecen medidas de lucha contra la morosidad en las operaciones comerciales.<\/td>\n<\/tr>\n<tr>\n<td>Orden EHA\/3479\/2011, de 19 de diciembre, por la que se publican los l\u00edmites de los distintos tipos de contratos a efectos de la contrataci\u00f3n del sector p\u00fablico a partir del 1 de enero de 2012.<\/td>\n<\/tr>\n<tr>\n<td>Reglamento (UE) n\u00b0 1251\/2011 de la Comisi\u00f3n de 30 de noviembre de 2011 por el que se modifican las Directivas 2004\/17\/CE, 2004\/18\/CE y 2009\/81\/CE del Parlamento Europeo y del Consejo en lo que concierne a sus umbrales de aplicaci\u00f3n en materia de procedimientos de adjudicaci\u00f3n de contratos.<\/td>\n<\/tr>\n<tr>\n<td>Real Decreto Legislativo 3\/2011, de 14 de noviembre, por el que se aprueba el Texto refundido de la Ley de Contratos del Sector P\u00fablico.<\/td>\n<\/tr>\n<tr>\n<td>Real Decreto 300\/2011, de 4 de marzo, por el que se modifica el Real Decreto 817\/2009, de 8 de mayo, por el que se desarrolla parcialmente la Ley 30\/2007, de 30 de octubre, de contratos del sector p\u00fablico y se habilita al titular del Ministerio de Econom\u00eda y Hacienda para modificar sus anexos.<\/td>\n<\/tr>\n<tr>\n<td>Real Decreto 337\/2010, de 19 de marzo, por el que se modifican el Real Decreto 39\/1997, de 17 de enero, por el que se aprueba el Reglamento de los Servicios de Prevenci\u00f3n; el Real Decreto 1109\/2007, de 24 de agosto, por el que se desarrolla la Ley 32\/2006, de 18 de octubre, reguladora de la subcontrataci\u00f3n en el sector de la construcci\u00f3n y el Real Decreto 1627\/1997, de 24 de octubre, por el que se establecen disposiciones m\u00ednimas de seguridad y salud en obras de construcci\u00f3n.<\/td>\n<\/tr>\n<tr>\n<td>Real Decreto 1373\/2009, de 28 de agosto, por el que se aprueba el Reglamento General de la Ley 33\/2003. de 3 de noviembre, del Patrimonio de las Administraciones P\u00fablicas.<\/td>\n<\/tr>\n<tr>\n<td>Real Decreto 1098\/2001, de 12 de octubre, por el que se aprueba el Reglamento general de la Ley de Contratos de las Administraciones P\u00fablicas.<\/td>\n<\/tr>\n<\/tbody>\n<\/table>\n<p><\/p>","protected":false},"excerpt":{"rendered":"<p>R\u00c9GIMEN JUR\u00cdDICO DE LA CONTRATACI\u00d3N DEL SECTOR P\u00daBLICO<\/p>\n<p>Ley 39\/2015, de 1 de octubre, del Procedimiento Administrativo Com\u00fan de las Administraciones P\u00fablicas.<\/p>\n<p>Ley 40\/2015, de 1 de octubre, de R\u00e9gimen Jur\u00eddico del Sector P\u00fablico.<\/p>\n<p>Real Decreto 814\/2015, de 11 de septiembre, por el que se aprueba el Reglamento de los procedimientos especiales de revisi\u00f3n de decisiones en materia [&#8230;]<\/p>\n","protected":false},"author":380,"featured_media":0,"parent":0,"menu_order":6,"comment_status":"closed","ping_status":"closed","template":"","meta":{"_links_to":"","_links_to_target":""},"_links":{"self":[{"href":"https:\/\/contratacion.umh.es\/en\/wp-json\/wp\/v2\/pages\/3860"}],"collection":[{"href":"https:\/\/contratacion.umh.es\/en\/wp-json\/wp\/v2\/pages"}],"about":[{"href":"https:\/\/contratacion.umh.es\/en\/wp-json\/wp\/v2\/types\/page"}],"author":[{"embeddable":true,"href":"https:\/\/contratacion.umh.es\/en\/wp-json\/wp\/v2\/users\/380"}],"replies":[{"embeddable":true,"href":"https:\/\/contratacion.umh.es\/en\/wp-json\/wp\/v2\/comments?post=3860"}],"version-history":[{"count":0,"href":"https:\/\/contratacion.umh.es\/en\/wp-json\/wp\/v2\/pages\/3860\/revisions"}],"wp:attachment":[{"href":"https:\/\/contratacion.umh.es\/en\/wp-json\/wp\/v2\/media?parent=3860"}],"curies":[{"name":"wp","href":"https:\/\/api.w.org\/{rel}","templated":true}]}}