{"id":8775,"date":"2023-03-03T12:43:01","date_gmt":"2023-03-03T11:43:01","guid":{"rendered":"https:\/\/contratacion.umh.es\/?page_id=8775"},"modified":"2024-07-05T09:41:54","modified_gmt":"2024-07-05T07:41:54","slug":"proteccion-de-datos-en-materia-de-contratacion","status":"publish","type":"page","link":"https:\/\/contratacion.umh.es\/en\/proteccion-de-datos-en-materia-de-contratacion\/","title":{"rendered":"<span lang=\"es\">(Espa\u00f1ol) Protecci\u00f3n de datos en materia de contrataci\u00f3n.<\/span>"},"content":{"rendered":"<p class=\"qtranxs-available-languages-message qtranxs-available-languages-message-en\">Sorry, this entry is only available in <a href=\"https:\/\/contratacion.umh.es\/es\/wp-json\/wp\/v2\/pages\/8775\" class=\"qtranxs-available-language-link qtranxs-available-language-link-es\" title=\"Espa\u00f1ol\">European Spanish<\/a>.<\/p>","protected":false},"excerpt":{"rendered":"<p>Sorry, this entry is only available in European Spanish.<\/p>\n","protected":false},"author":17214,"featured_media":0,"parent":0,"menu_order":1,"comment_status":"closed","ping_status":"closed","template":"","meta":{"_links_to":"","_links_to_target":""},"_links":{"self":[{"href":"https:\/\/contratacion.umh.es\/en\/wp-json\/wp\/v2\/pages\/8775"}],"collection":[{"href":"https:\/\/contratacion.umh.es\/en\/wp-json\/wp\/v2\/pages"}],"about":[{"href":"https:\/\/contratacion.umh.es\/en\/wp-json\/wp\/v2\/types\/page"}],"author":[{"embeddable":true,"href":"https:\/\/contratacion.umh.es\/en\/wp-json\/wp\/v2\/users\/17214"}],"replies":[{"embeddable":true,"href":"https:\/\/contratacion.umh.es\/en\/wp-json\/wp\/v2\/comments?post=8775"}],"version-history":[{"count":0,"href":"https:\/\/contratacion.umh.es\/en\/wp-json\/wp\/v2\/pages\/8775\/revisions"}],"wp:attachment":[{"href":"https:\/\/contratacion.umh.es\/en\/wp-json\/wp\/v2\/media?parent=8775"}],"curies":[{"name":"wp","href":"https:\/\/api.w.org\/{rel}","templated":true}]}}